{"id":24,"date":"2021-05-22T17:31:20","date_gmt":"2021-05-22T17:31:20","guid":{"rendered":"http:\/\/reel-life.de\/?page_id=24"},"modified":"2021-05-24T19:25:53","modified_gmt":"2021-05-24T19:25:53","slug":"dsgvo","status":"publish","type":"page","link":"http:\/\/reel-life.de\/?page_id=24","title":{"rendered":"DSGVO."},"content":{"rendered":"\n<h3>WER<\/h3>\n\n\n\n<p>Die Adresse der Website ist: http:\/\/reel-life.de und geh\u00f6rt dem Regisseur und Freiberufler Johannes Rosenstein. Er lebt in M\u00fcnchen und Berlin.<\/p>\n\n\n\n<h3>WELCHE PERSONENBEZOGENEN DATEN WIR SAMMELN UND WARUM WIR SIE SAMMELN<\/h3>\n\n\n\n<p>Standardm\u00e4\u00dfig sammelt diese Webseite keine personenbezogenen Daten \u00fcber Benutzer und sammelt nur die Daten, die im Profil eines registrierten Benutzers angezeigt werden.<\/p>\n\n\n\n<h4>COOKIES<\/h4>\n\n\n\n<p>Falls Sie ein Konto haben und sich auf dieser Website anmelden, werden wir ein tempor\u00e4res Cookie setzen, um festzustellen, ob Ihr Browser Cookies akzeptiert. Dieses Cookie enth\u00e4lt keine personenbezogenen Daten und wird verworfen, wenn Sie Ihren Browser schlie\u00dfen.<\/p>\n\n\n\n<p>Wenn Sie sich anmelden, werden wir einige Cookies einrichten, um Ihre Anmeldeinformationen und Anzeigeoptionen zu speichern. Anmelde-Cookies verfallen nach zwei Tagen und Cookies f\u00fcr die Anzeigeoptionen nach einem Jahr. Falls Sie bei der Anmeldung \u201eAngemeldet bleiben\u201c ausw\u00e4hlst, wird Ihre Anmeldung zwei Wochen lang aufrechterhalten. Mit der Abmeldung aus Ihrem Konto werden die Anmelde-Cookies gel\u00f6scht.<\/p>\n\n\n\n<p>Wenn Sie einen Artikel bearbeiten oder ver\u00f6ffentlichen, wird ein zus\u00e4tzlicher Cookie in Ihrem Browser gespeichert. Dieser Cookie enth\u00e4lt keine personenbezogenen Daten und verweist nur auf die Beitrags-ID des Artikels, den Sie gerade bearbeitet haben. Der Cookie verf\u00e4llt nach einem Tag.<\/p>\n\n\n\n<h4>EINGEBETTETE INHALTE VON ANDEREN WEBSITES<\/h4>\n\n\n\n<p>Beitr\u00e4ge auf dieser Website k\u00f6nnen eingebettete Inhalte beinhalten (z.&nbsp;B. Videos, Bilder, Beitr\u00e4ge etc.). Eingebettete Inhalte von anderen Websites verhalten sich exakt so, als ob der Besucher die andere Website besucht h\u00e4tte.<\/p>\n\n\n\n<p>Diese Websites k\u00f6nnen Daten \u00fcber Sie sammeln, Cookies benutzen, zus\u00e4tzliche Tracking-Dienste von Dritten einbetten und Ihre Interaktion mit diesem eingebetteten Inhalt aufzeichnen, inklusive Ihrer Interaktion mit dem eingebetteten Inhalt, falls Sie ein Konto haben und auf dieser Website angemeldet sind.<\/p>\n\n\n\n<h4>ANALYSEDIENSTE<\/h4>\n\n\n\n<p>Standardm\u00e4\u00dfig sammelt WordPress keine Analysedaten.<\/p>\n\n\n\n<h3>MIT WEM WIR IHRE DATEN TEILEN<\/h3>\n\n\n\n<p>Standardm\u00e4\u00dfig teilt WordPress keinerlei personenbezogene Daten mit Dritten.<\/p>\n\n\n\n<h3>WIE LANGE WIR IHRE DATEN SPEICHERN<\/h3>\n\n\n\n<p>F\u00fcr Benutzer, die sich auf unserer Website registrieren, speichern wir zus\u00e4tzlich die pers\u00f6nlichen Informationen, die sie in ihren Benutzerprofilen angeben. Alle Benutzer k\u00f6nnen jederzeit ihre pers\u00f6nlichen Informationen einsehen, ver\u00e4ndern oder l\u00f6schen (der Benutzername kann nicht ver\u00e4ndert werden). Administratoren der Website k\u00f6nnen diese Informationen ebenfalls einsehen und ver\u00e4ndern.<\/p>\n\n\n\n<h3>WELCHE RECHTE SIE IHREN DATEN HABEN<\/h3>\n\n\n\n<p>Wenn Sie ein Konto auf dieser Website besitzen oder Kommentare geschrieben haben, k\u00f6nnen Sie einen Export Ihrer personenbezogenen Daten bei uns anfordern, inklusive aller Daten, die Sie uns mitgeteilt haben. Dar\u00fcber hinaus k\u00f6nnen Sie die L\u00f6schung aller personenbezogenen Daten, die wir von Ihnen gespeichert haben, anfordern. Dies umfasst nicht die Daten, die wir aufgrund administrativer, rechtlicher oder sicherheitsrelevanter Notwendigkeiten aufbewahren m\u00fcssen.<\/p>\n\n\n\n<h3>WOHIN WIR DIE DATEN SENDEN<\/h3>\n\n\n\n<p>Es werden keine Daten versandt. Besucher-Kommentare k\u00f6nnten von einem automatisierten Dienst zur Spam-Erkennung untersucht werden.<\/p>\n\n\n\n<h3>KONTAKT-INFORMATIONEN<\/h3>\n\n\n\n<p>Impressum\/V.i.S.d.P.: Johannes Rosenstein * mars13studios * Marsstr. 13 * 80335 M\u00fcnchen * rosenstein@reel-life.de<\/p>\n\n\n\n<p><em>FOTONACHWEIS (c) 2020 Johannes Rosenstein<\/em><\/p>\n","protected":false},"excerpt":{"rendered":"<p>WER Die Adresse der Website ist: http:\/\/reel-life.de und geh\u00f6rt dem Regisseur und Freiberufler Johannes Rosenstein. Er lebt in M\u00fcnchen und Berlin. WELCHE PERSONENBEZOGENEN DATEN WIR SAMMELN UND WARUM WIR SIE SAMMELN Standardm\u00e4\u00dfig sammelt diese Webseite keine personenbezogenen Daten \u00fcber Benutzer und sammelt nur die Daten, die im Profil eines registrierten Benutzers angezeigt werden. COOKIES Falls&hellip; <a class=\"more-link\" href=\"http:\/\/reel-life.de\/?page_id=24\"><span class=\"screen-reader-text\">DSGVO.<\/span> weiterlesen<\/a><\/p>\n","protected":false},"author":1,"featured_media":0,"parent":0,"menu_order":0,"comment_status":"closed","ping_status":"closed","template":"","meta":[],"_links":{"self":[{"href":"http:\/\/reel-life.de\/index.php?rest_route=\/wp\/v2\/pages\/24"}],"collection":[{"href":"http:\/\/reel-life.de\/index.php?rest_route=\/wp\/v2\/pages"}],"about":[{"href":"http:\/\/reel-life.de\/index.php?rest_route=\/wp\/v2\/types\/page"}],"author":[{"embeddable":true,"href":"http:\/\/reel-life.de\/index.php?rest_route=\/wp\/v2\/users\/1"}],"replies":[{"embeddable":true,"href":"http:\/\/reel-life.de\/index.php?rest_route=%2Fwp%2Fv2%2Fcomments&post=24"}],"version-history":[{"count":4,"href":"http:\/\/reel-life.de\/index.php?rest_route=\/wp\/v2\/pages\/24\/revisions"}],"predecessor-version":[{"id":59,"href":"http:\/\/reel-life.de\/index.php?rest_route=\/wp\/v2\/pages\/24\/revisions\/59"}],"wp:attachment":[{"href":"http:\/\/reel-life.de\/index.php?rest_route=%2Fwp%2Fv2%2Fmedia&parent=24"}],"curies":[{"name":"wp","href":"https:\/\/api.w.org\/{rel}","templated":true}]}}